{"id":4642,"date":"2019-10-16T16:13:12","date_gmt":"2019-10-16T14:13:12","guid":{"rendered":"https:\/\/gestespoctefa.eu\/objetivos\/"},"modified":"2025-01-15T13:05:42","modified_gmt":"2025-01-15T12:05:42","slug":"objetius","status":"publish","type":"page","link":"https:\/\/gestespoctefa.eu\/ca\/objetius\/","title":{"rendered":"Objetius"},"content":{"rendered":"<div class=\"wpb-content-wrapper\"><p>[vc_row gap=&#8221;30&#8243; equal_height=&#8221;yes&#8221; css=&#8221;.vc_custom_1681208796538{padding-top: 50px !important;padding-bottom: 50px !important;}&#8221;][vc_column][vc_row_inner equal_height=&#8221;yes&#8221; content_placement=&#8221;middle&#8221; gap=&#8221;30&#8243; css=&#8221;.vc_custom_1575376546455{padding-right: 25px !important;padding-left: 25px !important;}&#8221;][vc_column_inner css=&#8221;.vc_custom_1725276465917{padding-top: 5% !important;padding-right: 5% !important;padding-bottom: 5% !important;padding-left: 5% !important;background-color: #18baa8 !important;border-radius: 25px !important;}&#8221;]<div id=\"ultimate-heading-949169d61d5814740\" class=\"uvc-heading ult-adjust-bottom-margin ultimate-heading-949169d61d5814740 uvc-0 \" data-hspacer=\"no_spacer\"  data-halign=\"left\" style=\"text-align:left\"><div class=\"uvc-heading-spacer no_spacer\" style=\"top\"><\/div><div class=\"uvc-main-heading ult-responsive\"  data-ultimate-target='.uvc-heading.ultimate-heading-949169d61d5814740 h2'  data-responsive-json-new='{\"font-size\":\"desktop:50px;\",\"line-height\":\"desktop:60px;\"}' ><h2 style=\"font-weight:bold;color:#ffffff;margin-bottom:20px;\">Objetiu general<\/h2><\/div><div class=\"uvc-sub-heading ult-responsive\"  data-ultimate-target='.uvc-heading.ultimate-heading-949169d61d5814740 .uvc-sub-heading '  data-responsive-json-new='{\"font-size\":\"desktop:20px;\",\"line-height\":\"desktop:30px;\"}'  style=\"font-weight:normal;color:#ffffff;\">En el marc de la prioritat de &#8220;Protegir i consolidar els valors ecol\u00f2gics del territori transfronterer&#8221;, el projecte t\u00e9 el seg\u00fcent <strong>objectiu espec\u00edfic<\/strong>: <em>Foment de la protecci\u00f3 i la conservaci\u00f3 de la natura, la biodiversitat i les infraestructures ecol\u00f2giques, tamb\u00e9 en les zones urbanes, i la reducci\u00f3 de tota forma de contaminaci\u00f3<\/em>, que alhora s&#8217;alinea amb l&#8217;objectiu pol\u00edtic d&#8217;una Europa m\u00e9s verda.<\/p>\n<p>Aix\u00ed doncs, el projecte t\u00e9 com a \u00e0mbit d&#8217;intervenci\u00f3 la &#8220;protecci\u00f3 de la natura i la biodiversitat, patrimoni i recursos naturals, infraestructures verdes i blaves&#8221;, sent el seu <strong>objectiu general<\/strong> la <em>Cooperaci\u00f3 en la gesti\u00f3 sostenible de l&#8217;aprofitament de les plantes arom\u00e0tiques i medicinals i d&#8217;altres esp\u00e8cies silvestres utilitzades com a verd ornamental com a eina per a la conservaci\u00f3 i la preservaci\u00f3 de la biodiversitat en els espais naturals del territori POCTEFA.<\/em><\/div><\/div>[\/vc_column_inner][\/vc_row_inner][\/vc_column][\/vc_row][vc_row equal_height=&#8221;yes&#8221; disable_element=&#8221;yes&#8221; css=&#8221;.vc_custom_1729500576224{padding-bottom: 70px !important;}&#8221;][vc_column]<div id=\"ultimate-heading-103669d61d5814781\" class=\"uvc-heading ult-adjust-bottom-margin ultimate-heading-103669d61d5814781 uvc-251 \" data-hspacer=\"no_spacer\"  data-halign=\"left\" style=\"text-align:left\"><div class=\"uvc-heading-spacer no_spacer\" style=\"top\"><\/div><div class=\"uvc-main-heading ult-responsive\"  data-ultimate-target='.uvc-heading.ultimate-heading-103669d61d5814781 h2'  data-responsive-json-new='{\"font-size\":\"desktop:50px;\",\"line-height\":\"desktop:60px;\"}' ><h2 style=\"font-weight:bold;color:#9aca3c;margin-bottom:20px;\">Objectius espec\u00edfics<\/h2><\/div><div class=\"uvc-sub-heading ult-responsive\"  data-ultimate-target='.uvc-heading.ultimate-heading-103669d61d5814781 .uvc-sub-heading '  data-responsive-json-new='{\"font-size\":\"desktop:20px;\",\"line-height\":\"desktop:30px;\"}'  style=\"font-weight:normal;margin-bottom:35px;\">Per assolir aquestes fites s&#8217; articularan diferents accions que compten amb els seus propis objectius:<\/div><\/div>[vc_row_inner equal_height=&#8221;yes&#8221; content_placement=&#8221;middle&#8221; gap=&#8221;30&#8243; css=&#8221;.vc_custom_1575376546455{padding-right: 25px !important;padding-left: 25px !important;}&#8221;][vc_column_inner width=&#8221;1\/2&#8243; css=&#8221;.vc_custom_1725276768314{border-top-width: 3px !important;border-right-width: 3px !important;border-bottom-width: 3px !important;border-left-width: 3px !important;padding-top: 15% !important;padding-right: 10% !important;padding-bottom: 15% !important;padding-left: 10% !important;background-image: url(https:\/\/gestespoctefa.eu\/wp-content\/uploads\/2023\/05\/abeja-jpg.webp?id=3920) !important;background-position: center !important;background-repeat: no-repeat !important;background-size: cover !important;border-left-style: solid !important;border-right-style: solid !important;border-top-style: solid !important;border-bottom-style: solid !important;border-radius: 25px !important;border-color: #9aca3c !important;}&#8221;]<div id=\"ultimate-heading-13969d61d58147a6\" class=\"uvc-heading ult-adjust-bottom-margin ultimate-heading-13969d61d58147a6 uvc-6910 \" data-hspacer=\"no_spacer\"  data-halign=\"left\" style=\"text-align:left\"><div class=\"uvc-heading-spacer no_spacer\" style=\"top\"><\/div><div class=\"uvc-main-heading ult-responsive\"  data-ultimate-target='.uvc-heading.ultimate-heading-13969d61d58147a6 h2'  data-responsive-json-new='{\"font-size\":\"desktop:50px;\",\"line-height\":\"desktop:60px;\"}' ><h2 style=\"font-weight:bold;color:#9aca3c;margin-bottom:20px;\">Acci\u00f3 2<\/h2><\/div><div class=\"uvc-sub-heading ult-responsive\"  data-ultimate-target='.uvc-heading.ultimate-heading-13969d61d58147a6 .uvc-sub-heading '  data-responsive-json-new='{\"font-size\":\"\",\"line-height\":\"\"}'  style=\"font-weight:normal;\">Transferir resultats del projecte a altres entitats i territoris; implementar mecanismes que afavoreixin l&#8217; intercanvi d&#8217; informaci\u00f3; informar els beneficiaris durant la seva execuci\u00f3.<\/div><\/div>[\/vc_column_inner][vc_column_inner width=&#8221;1\/2&#8243; css=&#8221;.vc_custom_1725276607754{border-top-width: 3px !important;border-right-width: 3px !important;border-bottom-width: 3px !important;border-left-width: 3px !important;padding-top: 15% !important;padding-right: 10% !important;padding-bottom: 15% !important;padding-left: 10% !important;border-left-style: solid !important;border-right-style: solid !important;border-top-style: solid !important;border-bottom-style: solid !important;border-radius: 25px !important;border-color: #9aca3c !important;}&#8221;]<div id=\"ultimate-heading-621369d61d58147c6\" class=\"uvc-heading ult-adjust-bottom-margin ultimate-heading-621369d61d58147c6 uvc-9006 \" data-hspacer=\"no_spacer\"  data-halign=\"left\" style=\"text-align:left\"><div class=\"uvc-heading-spacer no_spacer\" style=\"top\"><\/div><div class=\"uvc-main-heading ult-responsive\"  data-ultimate-target='.uvc-heading.ultimate-heading-621369d61d58147c6 h2'  data-responsive-json-new='{\"font-size\":\"desktop:50px;\",\"line-height\":\"desktop:60px;\"}' ><h2 style=\"font-weight:bold;color:#9aca3c;margin-bottom:20px;\">Acci\u00f3 3<\/h2><\/div><div class=\"uvc-sub-heading ult-responsive\"  data-ultimate-target='.uvc-heading.ultimate-heading-621369d61d58147c6 .uvc-sub-heading '  data-responsive-json-new='{\"font-size\":\"\",\"line-height\":\"\"}'  style=\"font-weight:normal;\">Con\u00e8ixer la situaci\u00f3 actual de les esp\u00e8cies recol\u00b7lectades als espais naturals del territori POCTEFA per identificar les esp\u00e8cies\/poblacions i \u00e0rees m\u00e9s alterades i amena\u00e7ades i les pr\u00e0ctiques de major impacte, que ens permetin establir prioritats d&#8217;intervenci\u00f3 i gesti\u00f3 en l&#8217;acci\u00f3 4.<\/div><\/div>[\/vc_column_inner][\/vc_row_inner][vc_row_inner equal_height=&#8221;yes&#8221; content_placement=&#8221;middle&#8221; gap=&#8221;30&#8243; css=&#8221;.vc_custom_1575377532487{padding-right: 25px !important;padding-left: 25px !important;}&#8221; el_class=&#8221;phone-reverse-col&#8221;][vc_column_inner width=&#8221;1\/2&#8243; css=&#8221;.vc_custom_1725276808951{border-top-width: 3px !important;border-right-width: 3px !important;border-bottom-width: 3px !important;border-left-width: 3px !important;padding-top: 15% !important;padding-right: 10% !important;padding-bottom: 15% !important;padding-left: 10% !important;border-left-style: solid !important;border-right-style: solid !important;border-top-style: solid !important;border-bottom-style: solid !important;border-radius: 25px !important;border-color: #9aca3c !important;}&#8221;]<div id=\"ultimate-heading-952569d61d58147e4\" class=\"uvc-heading ult-adjust-bottom-margin ultimate-heading-952569d61d58147e4 uvc-3025 \" data-hspacer=\"no_spacer\"  data-halign=\"left\" style=\"text-align:left\"><div class=\"uvc-heading-spacer no_spacer\" style=\"top\"><\/div><div class=\"uvc-main-heading ult-responsive\"  data-ultimate-target='.uvc-heading.ultimate-heading-952569d61d58147e4 h2'  data-responsive-json-new='{\"font-size\":\"desktop:50px;\",\"line-height\":\"desktop:60px;\"}' ><h2 style=\"font-weight:bold;color:#9aca3c;margin-bottom:20px;\">Acci\u00f3 4<\/h2><\/div><div class=\"uvc-sub-heading ult-responsive\"  data-ultimate-target='.uvc-heading.ultimate-heading-952569d61d58147e4 .uvc-sub-heading '  data-responsive-json-new='{\"font-size\":\"\",\"line-height\":\"\"}'  style=\"font-weight:normal;\">Elaborar plans de gesti\u00f3 de recol\u00b7lecci\u00f3 sostenible de 5 esp\u00e8cies silvestres recol\u00b7lectades comercialment consensuats amb els actors locals (administracions, t\u00e8cnics de gesti\u00f3, propietaris i empreses) i desenvolupar la posada en cultiu per minimitzar la pressi\u00f3 de l&#8217;activitat en els seus h\u00e0bitats.<\/div><\/div>[\/vc_column_inner][vc_column_inner width=&#8221;1\/2&#8243; css=&#8221;.vc_custom_1725276830995{border-top-width: 3px !important;border-right-width: 3px !important;border-bottom-width: 3px !important;border-left-width: 3px !important;padding-top: 15% !important;padding-right: 10% !important;padding-bottom: 15% !important;padding-left: 10% !important;background-image: url(https:\/\/gestespoctefa.eu\/wp-content\/uploads\/2023\/05\/Camarillas_10jun22-jpg.webp?id=3923) !important;background-position: center !important;background-repeat: no-repeat !important;background-size: cover !important;border-left-style: solid !important;border-right-style: solid !important;border-top-style: solid !important;border-bottom-style: solid !important;border-radius: 25px !important;border-color: #9aca3c !important;}&#8221;]<div id=\"ultimate-heading-207369d61d5814802\" class=\"uvc-heading ult-adjust-bottom-margin ultimate-heading-207369d61d5814802 uvc-4721 \" data-hspacer=\"no_spacer\"  data-halign=\"left\" style=\"text-align:left\"><div class=\"uvc-heading-spacer no_spacer\" style=\"top\"><\/div><div class=\"uvc-main-heading ult-responsive\"  data-ultimate-target='.uvc-heading.ultimate-heading-207369d61d5814802 h2'  data-responsive-json-new='{\"font-size\":\"desktop:50px;\",\"line-height\":\"desktop:60px;\"}' ><h2 style=\"font-weight:bold;color:#9aca3c;margin-bottom:20px;\">Acci\u00f3 5<\/h2><\/div><div class=\"uvc-sub-heading ult-responsive\"  data-ultimate-target='.uvc-heading.ultimate-heading-207369d61d5814802 .uvc-sub-heading '  data-responsive-json-new='{\"font-size\":\"\",\"line-height\":\"\"}'  style=\"font-weight:normal;\">Posar en relleu i compartir coneixements sobre la import\u00e0ncia de conciliar la conservaci\u00f3 del patrimoni natural i cultural amb l&#8217; explotaci\u00f3 dels recursos vegetals silvestres valorant l&#8217; activitat de collita com a generadora d&#8217; activitat econ\u00f2mica per a la poblaci\u00f3 rural.<\/div><\/div>[\/vc_column_inner][\/vc_row_inner][\/vc_column][\/vc_row][vc_row equal_height=&#8221;yes&#8221; css=&#8221;.vc_custom_1725278143530{padding-top: 50px !important;padding-bottom: 70px !important;}&#8221;][vc_column]<div id=\"ultimate-heading-682069d61d5814821\" class=\"uvc-heading ult-adjust-bottom-margin ultimate-heading-682069d61d5814821 uvc-8355 \" data-hspacer=\"no_spacer\"  data-halign=\"left\" style=\"text-align:left\"><div class=\"uvc-heading-spacer no_spacer\" style=\"top\"><\/div><div class=\"uvc-main-heading ult-responsive\"  data-ultimate-target='.uvc-heading.ultimate-heading-682069d61d5814821 h2'  data-responsive-json-new='{\"font-size\":\"desktop:50px;\",\"line-height\":\"desktop:60px;\"}' ><h2 style=\"font-weight:bold;color:#9aca3c;margin-bottom:20px;\">Objectius espec\u00edfics<\/h2><\/div><div class=\"uvc-sub-heading ult-responsive\"  data-ultimate-target='.uvc-heading.ultimate-heading-682069d61d5814821 .uvc-sub-heading '  data-responsive-json-new='{\"font-size\":\"desktop:20px;\",\"line-height\":\"desktop:30px;\"}'  style=\"font-weight:normal;margin-bottom:35px;\">Per assolir aquestes fites s&#8217; articularan diferents accions que compten amb els seus propis objectius:<\/div><\/div>[vc_row_inner equal_height=&#8221;yes&#8221; content_placement=&#8221;middle&#8221; gap=&#8221;30&#8243; css=&#8221;.vc_custom_1575376546455{padding-right: 25px !important;padding-left: 25px !important;}&#8221;][vc_column_inner css=&#8221;.vc_custom_1725278198828{border-top-width: 3px !important;border-right-width: 3px !important;border-bottom-width: 3px !important;border-left-width: 3px !important;padding-top: 50px !important;padding-right: 50px !important;padding-bottom: 50px !important;padding-left: 50px !important;background-position: center !important;background-repeat: no-repeat !important;background-size: cover !important;border-left-style: solid !important;border-right-style: solid !important;border-top-style: solid !important;border-bottom-style: solid !important;border-radius: 25px !important;border-color: #9aca3c !important;}&#8221;]<div id=\"ultimate-heading-13069d61d5814848\" class=\"uvc-heading ult-adjust-bottom-margin ultimate-heading-13069d61d5814848 uvc-9640 \" data-hspacer=\"no_spacer\"  data-halign=\"left\" style=\"text-align:left\"><div class=\"uvc-heading-spacer no_spacer\" style=\"top\"><\/div><div class=\"uvc-main-heading ult-responsive\"  data-ultimate-target='.uvc-heading.ultimate-heading-13069d61d5814848 h2'  data-responsive-json-new='{\"font-size\":\"desktop:50px;\",\"line-height\":\"desktop:60px;\"}' ><h2 style=\"font-weight:bold;color:#9aca3c;\">Acci\u00f3 1<\/h2><\/div><div class=\"uvc-sub-heading ult-responsive\"  data-ultimate-target='.uvc-heading.ultimate-heading-13069d61d5814848 .uvc-sub-heading '  data-responsive-json-new='{\"font-size\":\"desktop:20px;\",\"line-height\":\"desktop:30px;\"}'  style=\"font-weight:normal;color:#18baa8;margin-bottom:35px;\"><strong>Gesti\u00f3 del projecte<\/strong><\/div><\/div>[vc_column_text css=&#8221;&#8221;]<\/p>\n<ul>\n<li>Coordinar internament el partenariat per fer una gesti\u00f3 administrativa, financera i de seguiment \u00f2ptima del pla d&#8217;acci\u00f3.<\/li>\n<\/ul>\n<p>[\/vc_column_text][\/vc_column_inner][vc_column_inner css=&#8221;.vc_custom_1725278415147{border-top-width: 3px !important;border-right-width: 3px !important;border-bottom-width: 3px !important;border-left-width: 3px !important;padding-top: 50px !important;padding-right: 50px !important;padding-bottom: 50px !important;padding-left: 50px !important;border-left-style: solid !important;border-right-style: solid !important;border-top-style: solid !important;border-bottom-style: solid !important;border-radius: 25px !important;border-color: #9aca3c !important;}&#8221;]<div id=\"ultimate-heading-997669d61d5814868\" class=\"uvc-heading ult-adjust-bottom-margin ultimate-heading-997669d61d5814868 uvc-3036 \" data-hspacer=\"no_spacer\"  data-halign=\"left\" style=\"text-align:left\"><div class=\"uvc-heading-spacer no_spacer\" style=\"top\"><\/div><div class=\"uvc-main-heading ult-responsive\"  data-ultimate-target='.uvc-heading.ultimate-heading-997669d61d5814868 h2'  data-responsive-json-new='{\"font-size\":\"desktop:50px;\",\"line-height\":\"desktop:60px;\"}' ><h2 style=\"font-weight:bold;color:#9aca3c;\">Acci\u00f3 2<\/h2><\/div><div class=\"uvc-sub-heading ult-responsive\"  data-ultimate-target='.uvc-heading.ultimate-heading-997669d61d5814868 .uvc-sub-heading '  data-responsive-json-new='{\"font-size\":\"desktop:20px;\",\"line-height\":\"desktop:30px;\"}'  style=\"font-weight:normal;color:#18baa8;margin-bottom:35px;\"><strong>Comunicaci\u00f3<\/strong><\/div><\/div>[vc_column_text css=&#8221;&#8221;]<\/p>\n<ul>\n<li>Transferir resultats del projecte a altres entitats i territoris.<\/li>\n<li>Implementar mecanismes que afavoreixin l\u2019intercanvi d\u2019informaci\u00f3.<\/li>\n<li>Informar els beneficiaris: Gestors de mitjans forestals, propietaris forestals (p\u00fablics i privats), agricultors, recol\u00b7lectors, abastadors, majoristes, elaboradors, laboratoris, agents forestals i p\u00fablic general.<\/li>\n<\/ul>\n<p>[\/vc_column_text][\/vc_column_inner][\/vc_row_inner][vc_row_inner equal_height=&#8221;yes&#8221; content_placement=&#8221;middle&#8221; gap=&#8221;30&#8243; css=&#8221;.vc_custom_1575377532487{padding-right: 25px !important;padding-left: 25px !important;}&#8221; el_class=&#8221;phone-reverse-col&#8221;][vc_column_inner css=&#8221;.vc_custom_1725278436987{border-top-width: 3px !important;border-right-width: 3px !important;border-bottom-width: 3px !important;border-left-width: 3px !important;padding-top: 50px !important;padding-right: 50px !important;padding-bottom: 50px !important;padding-left: 50px !important;border-left-style: solid !important;border-right-style: solid !important;border-top-style: solid !important;border-bottom-style: solid !important;border-radius: 25px !important;border-color: #9aca3c !important;}&#8221;]<div id=\"ultimate-heading-334169d61d5814885\" class=\"uvc-heading ult-adjust-bottom-margin ultimate-heading-334169d61d5814885 uvc-6210 \" data-hspacer=\"no_spacer\"  data-halign=\"left\" style=\"text-align:left\"><div class=\"uvc-heading-spacer no_spacer\" style=\"top\"><\/div><div class=\"uvc-main-heading ult-responsive\"  data-ultimate-target='.uvc-heading.ultimate-heading-334169d61d5814885 h2'  data-responsive-json-new='{\"font-size\":\"desktop:50px;\",\"line-height\":\"desktop:60px;\"}' ><h2 style=\"font-weight:bold;color:#9aca3c;\">Acci\u00f3 3<\/h2><\/div><div class=\"uvc-sub-heading ult-responsive\"  data-ultimate-target='.uvc-heading.ultimate-heading-334169d61d5814885 .uvc-sub-heading '  data-responsive-json-new='{\"font-size\":\"desktop:20px;\",\"line-height\":\"desktop:30px;\"}'  style=\"font-weight:normal;color:#18baa8;margin-bottom:35px;\"><strong>Con\u00e8ixer l&#8217; estat de conservaci\u00f3 i l&#8217; activitat de collita d&#8217; esp\u00e8cies arom\u00e0tico-medicinals i ornamentals recol\u00b7lectades amb finalitat comercial que suporten els espais naturals del territori POCTEFA<\/strong><\/div><\/div>[vc_column_text css=&#8221;&#8221;]<\/p>\n<ul>\n<li>Con\u00e8ixer la situaci\u00f3 actual de les esp\u00e8cies recol\u00b7lectades als espais naturals del territori POCTEFA per identificar les esp\u00e8cies i\/o poblacions i \u00e0rees m\u00e9s alterades i amena\u00e7ades i les pr\u00e0ctiques de major impacte.<\/li>\n<li>Establir prioritats d\u2019intervenci\u00f3 i gesti\u00f3.<\/li>\n<\/ul>\n<p>[\/vc_column_text][\/vc_column_inner][vc_column_inner css=&#8221;.vc_custom_1725278456251{border-top-width: 3px !important;border-right-width: 3px !important;border-bottom-width: 3px !important;border-left-width: 3px !important;padding-top: 50px !important;padding-right: 50px !important;padding-bottom: 50px !important;padding-left: 50px !important;background-image: url(https:\/\/gestespoctefa.eu\/wp-content\/uploads\/2023\/05\/Camarillas_10jun22-jpg.webp?id=3923) !important;background-position: center !important;background-repeat: no-repeat !important;background-size: cover !important;border-left-style: solid !important;border-right-style: solid !important;border-top-style: solid !important;border-bottom-style: solid !important;border-radius: 25px !important;border-color: #9aca3c !important;}&#8221;]<div id=\"ultimate-heading-907269d61d58148a2\" class=\"uvc-heading ult-adjust-bottom-margin ultimate-heading-907269d61d58148a2 uvc-5951 \" data-hspacer=\"no_spacer\"  data-halign=\"left\" style=\"text-align:left\"><div class=\"uvc-heading-spacer no_spacer\" style=\"top\"><\/div><div class=\"uvc-main-heading ult-responsive\"  data-ultimate-target='.uvc-heading.ultimate-heading-907269d61d58148a2 h2'  data-responsive-json-new='{\"font-size\":\"desktop:50px;\",\"line-height\":\"desktop:60px;\"}' ><h2 style=\"font-weight:bold;color:#9aca3c;\">Acci\u00f3 4<\/h2><\/div><div class=\"uvc-sub-heading ult-responsive\"  data-ultimate-target='.uvc-heading.ultimate-heading-907269d61d58148a2 .uvc-sub-heading '  data-responsive-json-new='{\"font-size\":\"desktop:20px;\",\"line-height\":\"desktop:30px;\"}'  style=\"font-weight:normal;color:#18baa8;margin-bottom:35px;\"><strong>Proposar una gesti\u00f3 sostenible dels espais naturals per aconseguir una recol\u00b7lecci\u00f3 ordenada que protegeixi i conservi les esp\u00e8cies i els h\u00e0bitats i que satisfaci la demanda de les cadenes de valor de les esp\u00e8cies silvestres estudiades<\/strong><\/div><\/div>[vc_column_text css=&#8221;&#8221;]<\/p>\n<ul>\n<li>Elaborar plans de gesti\u00f3 de recol\u00b7lecci\u00f3 sostenible d&#8217;esp\u00e8cies silvestres recol\u00b7lectades comercialment consensuats amb els actors locals (administracions, t\u00e8cnics de gesti\u00f3, propietaris i empreses).<\/li>\n<li>Desenvolupar la posada en cultiu d&#8217;algunes esp\u00e8cies per minimitzar la pressi\u00f3 de l&#8217;activitat als h\u00e0bitats.<\/li>\n<\/ul>\n<p>[\/vc_column_text][\/vc_column_inner][\/vc_row_inner][vc_row_inner equal_height=&#8221;yes&#8221; content_placement=&#8221;middle&#8221; gap=&#8221;30&#8243; css=&#8221;.vc_custom_1575377532487{padding-right: 25px !important;padding-left: 25px !important;}&#8221; el_class=&#8221;phone-reverse-col&#8221;][vc_column_inner css=&#8221;.vc_custom_1725278436987{border-top-width: 3px !important;border-right-width: 3px !important;border-bottom-width: 3px !important;border-left-width: 3px !important;padding-top: 50px !important;padding-right: 50px !important;padding-bottom: 50px !important;padding-left: 50px !important;border-left-style: solid !important;border-right-style: solid !important;border-top-style: solid !important;border-bottom-style: solid !important;border-radius: 25px !important;border-color: #9aca3c !important;}&#8221;]<div id=\"ultimate-heading-192869d61d58148be\" class=\"uvc-heading ult-adjust-bottom-margin ultimate-heading-192869d61d58148be uvc-1755 \" data-hspacer=\"no_spacer\"  data-halign=\"left\" style=\"text-align:left\"><div class=\"uvc-heading-spacer no_spacer\" style=\"top\"><\/div><div class=\"uvc-main-heading ult-responsive\"  data-ultimate-target='.uvc-heading.ultimate-heading-192869d61d58148be h2'  data-responsive-json-new='{\"font-size\":\"desktop:50px;\",\"line-height\":\"desktop:60px;\"}' ><h2 style=\"font-weight:bold;color:#9aca3c;\">Acci\u00f3 5<\/h2><\/div><div class=\"uvc-sub-heading ult-responsive\"  data-ultimate-target='.uvc-heading.ultimate-heading-192869d61d58148be .uvc-sub-heading '  data-responsive-json-new='{\"font-size\":\"desktop:20px;\",\"line-height\":\"desktop:30px;\"}'  style=\"font-weight:normal;color:#18baa8;margin-bottom:35px;\"><strong>Accions de sensibilitzaci\u00f3 i transfer\u00e8ncia de coneixements sobre la recol\u00b7lecci\u00f3 sostenible i comercialitzaci\u00f3 d&#8217;esp\u00e8cies silvestres i disseny d&#8217;estrat\u00e8gies per a la certificaci\u00f3 dels recursos silvestres utilitzats en els productes comercials<\/strong><\/div><\/div>[vc_column_text css=&#8221;&#8221;]<\/p>\n<ul>\n<li>Posar en relleu i compartir coneixements sobre la import\u00e0ncia de conciliar la conservaci\u00f3 del patrimoni natural i cultural amb l\u2019explotaci\u00f3 dels recursos vegetals silvestres.<\/li>\n<li>Valorar l\u2019activitat de recol\u00b7lecci\u00f3 com a generadora d\u2019activitat econ\u00f2mica per a la poblaci\u00f3 rural.<\/li>\n<\/ul>\n<p>[\/vc_column_text][\/vc_column_inner][\/vc_row_inner][\/vc_column][\/vc_row]<\/p>\n<\/div>","protected":false},"excerpt":{"rendered":"<p>[vc_row gap=&#8221;30&#8243; equal_height=&#8221;yes&#8221; css=&#8221;.vc_custom_1681208796538{padding-top: 50px !important;padding-bottom: 50px !important;}&#8221;][vc_column][vc_row_inner equal_height=&#8221;yes&#8221; content_placement=&#8221;middle&#8221; gap=&#8221;30&#8243; css=&#8221;.vc_custom_1575376546455{padding-right: 25px !important;padding-left: 25px !important;}&#8221;][vc_column_inner css=&#8221;.vc_custom_1725276465917{padding-top: 5% !important;padding-right: 5% !important;padding-bottom: 5% !important;padding-left: 5% !important;background-color: #18baa8 !important;border-radius: 25px !important;}&#8221;][\/vc_column_inner][\/vc_row_inner][\/vc_column][\/vc_row][vc_row equal_height=&#8221;yes&#8221; disable_element=&#8221;yes&#8221; css=&#8221;.vc_custom_1729500576224{padding-bottom: 70px !important;}&#8221;][vc_column][vc_row_inner equal_height=&#8221;yes&#8221; content_placement=&#8221;middle&#8221; gap=&#8221;30&#8243; css=&#8221;.vc_custom_1575376546455{padding-right: 25px !important;padding-left: 25px !important;}&#8221;][vc_column_inner width=&#8221;1\/2&#8243; css=&#8221;.vc_custom_1725276768314{border-top-width: 3px !important;border-right-width: 3px !important;border-bottom-width: 3px !important;border-left-width: 3px !important;padding-top: 15% !important;padding-right: 10%&hellip;<\/p>\n","protected":false},"author":1,"featured_media":0,"parent":0,"menu_order":20,"comment_status":"closed","ping_status":"closed","template":"","meta":{"footnotes":""},"class_list":["post-4642","page","type-page","status-publish","hentry","description-off"],"_links":{"self":[{"href":"https:\/\/gestespoctefa.eu\/ca\/wp-json\/wp\/v2\/pages\/4642","targetHints":{"allow":["GET"]}}],"collection":[{"href":"https:\/\/gestespoctefa.eu\/ca\/wp-json\/wp\/v2\/pages"}],"about":[{"href":"https:\/\/gestespoctefa.eu\/ca\/wp-json\/wp\/v2\/types\/page"}],"author":[{"embeddable":true,"href":"https:\/\/gestespoctefa.eu\/ca\/wp-json\/wp\/v2\/users\/1"}],"replies":[{"embeddable":true,"href":"https:\/\/gestespoctefa.eu\/ca\/wp-json\/wp\/v2\/comments?post=4642"}],"version-history":[{"count":7,"href":"https:\/\/gestespoctefa.eu\/ca\/wp-json\/wp\/v2\/pages\/4642\/revisions"}],"predecessor-version":[{"id":5109,"href":"https:\/\/gestespoctefa.eu\/ca\/wp-json\/wp\/v2\/pages\/4642\/revisions\/5109"}],"wp:attachment":[{"href":"https:\/\/gestespoctefa.eu\/ca\/wp-json\/wp\/v2\/media?parent=4642"}],"curies":[{"name":"wp","href":"https:\/\/api.w.org\/{rel}","templated":true}]}}