{"id":4653,"date":"2019-10-16T16:13:42","date_gmt":"2019-10-16T14:13:42","guid":{"rendered":"https:\/\/gestespoctefa.eu\/socios\/"},"modified":"2025-10-24T13:03:47","modified_gmt":"2025-10-24T11:03:47","slug":"socis","status":"publish","type":"page","link":"https:\/\/gestespoctefa.eu\/ca\/socis\/","title":{"rendered":"Socis"},"content":{"rendered":"<div class=\"wpb-content-wrapper\"><p>[vc_row equal_height=&#8221;yes&#8221; css=&#8221;.vc_custom_1725288242664{padding-top: 50px !important;padding-bottom: 70px !important;}&#8221;][vc_column]<div id=\"ultimate-heading-799569d61ef4339aa\" class=\"uvc-heading ult-adjust-bottom-margin ultimate-heading-799569d61ef4339aa uvc-8953 \" data-hspacer=\"no_spacer\"  data-halign=\"left\" style=\"text-align:left\"><div class=\"uvc-heading-spacer no_spacer\" style=\"top\"><\/div><div class=\"uvc-sub-heading ult-responsive\"  data-ultimate-target='.uvc-heading.ultimate-heading-799569d61ef4339aa .uvc-sub-heading '  data-responsive-json-new='{\"font-size\":\"desktop:20px;\",\"line-height\":\"desktop:30px;\"}'  style=\"font-weight:normal;margin-bottom:35px;\">Aquest projecte \u00e9s el resultat de la col\u00b7laboraci\u00f3 entre els seg\u00fcents centres:<\/div><\/div><div class=\"smile_icon_list_wrap ult_info_list_container ult-adjust-bottom-margin  \"><ul class=\"smile_icon_list left circle with_bg\"><li class=\"icon_list_item\" style=\" font-size:60px;\"><div class=\"icon_list_icon\" data-animation=\"\" data-animation-delay=\"03\" style=\"font-size:20px;border-width:1px;border-style:none;background:#9aca3c;color:#ffffff;border-color:#333333;\"><i class=\"fas fa-arrow-right\" ><\/i><\/div><div class=\"icon_description\" id=\"Info-list-wrap-1672\" style=\"font-size:20px;\"><h3 class=\"ult-responsive info-list-heading\"  data-ultimate-target='#Info-list-wrap-1672 h3'  data-responsive-json-new='{\"font-size\":\"desktop:20px;\",\"line-height\":\"desktop:30px;\"}'  style=\"font-family:&#039;Poppins&#039;;font-weight:bold;color:#18baa8;\">Conservatoire botanique national des Pyr\u00e9n\u00e9es et de Midi-Pyr\u00e9n\u00e9es<\/h3><div class=\"icon_description_text ult-responsive\"  data-ultimate-target='#Info-list-wrap-1672 .icon_description_text'  data-responsive-json-new='{\"font-size\":\"desktop:16px;\",\"line-height\":\"desktop:24px;\"}'  style=\"color:#666666;\"><p><a href=\"https:\/\/cbnpmp.blogspot.com\/\">https:\/\/cbnpmp.blogspot.com\/<\/a><\/p>\n<\/div><\/div><div class=\"icon_list_connector\"  style=\"border-right-width: 2px;border-right-style: dashed;border-color: #18baa8;left: 30px;\"><\/div><\/li><li class=\"icon_list_item\" style=\" font-size:60px;\"><div class=\"icon_list_icon\" data-animation=\"\" data-animation-delay=\"03\" style=\"font-size:20px;border-width:1px;border-style:none;background:#9aca3c;color:#ffffff;border-color:#333333;\"><i class=\"fas fa-arrow-right\" ><\/i><\/div><div class=\"icon_description\" id=\"Info-list-wrap-9805\" style=\"font-size:20px;\"><h3 class=\"ult-responsive info-list-heading\"  data-ultimate-target='#Info-list-wrap-9805 h3'  data-responsive-json-new='{\"font-size\":\"desktop:20px;\",\"line-height\":\"desktop:30px;\"}'  style=\"font-family:&#039;Poppins&#039;;font-weight:bold;color:#18baa8;\">Parc Naturel R\u00e9gional des Pyr\u00e9n\u00e9es Catalanes (PNRPC) \u2013 Pyr\u00e9n\u00e9s Orientales<\/h3><div class=\"icon_description_text ult-responsive\"  data-ultimate-target='#Info-list-wrap-9805 .icon_description_text'  data-responsive-json-new='{\"font-size\":\"desktop:16px;\",\"line-height\":\"desktop:24px;\"}'  style=\"color:#666666;\"><p><a href=\"https:\/\/www.parc-pyrenees-catalanes.fr\/\" target=\"_blank\" rel=\"noopener\">https:\/\/www.parc-pyrenees-catalanes.fr\/<\/a><\/p>\n<\/div><\/div><div class=\"icon_list_connector\"  style=\"border-right-width: 2px;border-right-style: dashed;border-color: #18baa8;left: 30px;\"><\/div><\/li><li class=\"icon_list_item\" style=\" font-size:60px;\"><div class=\"icon_list_icon\" data-animation=\"\" data-animation-delay=\"03\" style=\"font-size:20px;border-width:1px;border-style:none;background:#9aca3c;color:#ffffff;border-color:#333333;\"><i class=\"fas fa-arrow-right\" ><\/i><\/div><div class=\"icon_description\" id=\"Info-list-wrap-2089\" style=\"font-size:20px;\"><h3 class=\"ult-responsive info-list-heading\"  data-ultimate-target='#Info-list-wrap-2089 h3'  data-responsive-json-new='{\"font-size\":\"desktop:20px;\",\"line-height\":\"desktop:30px;\"}'  style=\"font-family:&#039;Poppins&#039;;font-weight:bold;color:#18baa8;\">Institut des plantes \u00e0 parfums aromatiques et m\u00e9dicinales (ITEIPMAI) \u2013 Maine-et-Loire<\/h3><div class=\"icon_description_text ult-responsive\"  data-ultimate-target='#Info-list-wrap-2089 .icon_description_text'  data-responsive-json-new='{\"font-size\":\"desktop:16px;\",\"line-height\":\"desktop:24px;\"}'  style=\"color:#666666;\"><p><a href=\"https:\/\/www.iteipmai.fr\/\" target=\"_blank\" rel=\"noopener\">https:\/\/www.iteipmai.fr\/<\/a><\/p>\n<\/div><\/div><div class=\"icon_list_connector\"  style=\"border-right-width: 2px;border-right-style: dashed;border-color: #18baa8;left: 30px;\"><\/div><\/li><li class=\"icon_list_item\" style=\" font-size:60px;\"><div class=\"icon_list_icon\" data-animation=\"\" data-animation-delay=\"03\" style=\"font-size:20px;border-width:1px;border-style:none;background:#9aca3c;color:#ffffff;border-color:#333333;\"><i class=\"fas fa-arrow-right\" ><\/i><\/div><div class=\"icon_description\" id=\"Info-list-wrap-2367\" style=\"font-size:20px;\"><h3 class=\"ult-responsive info-list-heading\"  data-ultimate-target='#Info-list-wrap-2367 h3'  data-responsive-json-new='{\"font-size\":\"desktop:20px;\",\"line-height\":\"desktop:30px;\"}'  style=\"font-family:&#039;Poppins&#039;;font-weight:bold;color:#18baa8;\">Centre de Formation Professionnelle et de Promotion Agricole Ari\u00e8ge-Comminges (CFPPA-AC) - Ari\u00e8ge<\/h3><div class=\"icon_description_text ult-responsive\"  data-ultimate-target='#Info-list-wrap-2367 .icon_description_text'  data-responsive-json-new='{\"font-size\":\"desktop:16px;\",\"line-height\":\"desktop:24px;\"}'  style=\"color:#666666;\"><p><a href=\"https:\/\/cfppaariegecomminges.fr\/\" target=\"_blank\" rel=\"noopener\">https:\/\/cfppaariegecomminges.fr\/<\/a><\/p>\n<\/div><\/div><div class=\"icon_list_connector\"  style=\"border-right-width: 2px;border-right-style: dashed;border-color: #18baa8;left: 30px;\"><\/div><\/li><li class=\"icon_list_item\" style=\" font-size:60px;\"><div class=\"icon_list_icon\" data-animation=\"\" data-animation-delay=\"03\" style=\"font-size:20px;border-width:1px;border-style:none;background:#9aca3c;color:#ffffff;border-color:#333333;\"><i class=\"fas fa-arrow-right\" ><\/i><\/div><div class=\"icon_description\" id=\"Info-list-wrap-1431\" style=\"font-size:20px;\"><h3 class=\"ult-responsive info-list-heading\"  data-ultimate-target='#Info-list-wrap-1431 h3'  data-responsive-json-new='{\"font-size\":\"desktop:20px;\",\"line-height\":\"desktop:30px;\"}'  style=\"font-family:&#039;Poppins&#039;;font-weight:bold;color:#18baa8;\">Centro de Investigaci\u00f3n y Tecnolog\u00eda Agroalimentaria de Arag\u00f3n (CITA) - Arag\u00f3n<\/h3><div class=\"icon_description_text ult-responsive\"  data-ultimate-target='#Info-list-wrap-1431 .icon_description_text'  data-responsive-json-new='{\"font-size\":\"desktop:16px;\",\"line-height\":\"desktop:24px;\"}'  style=\"color:#666666;\"><p><a href=\"https:\/\/cita-aragon.es\/\" target=\"_blank\" rel=\"noopener\">https:\/\/cita-aragon.es\/<\/a><\/p>\n<\/div><\/div><div class=\"icon_list_connector\"  style=\"border-right-width: 2px;border-right-style: dashed;border-color: #18baa8;left: 30px;\"><\/div><\/li><li class=\"icon_list_item\" style=\" font-size:60px;\"><div class=\"icon_list_icon\" data-animation=\"\" data-animation-delay=\"03\" style=\"font-size:20px;border-width:1px;border-style:none;background:#9aca3c;color:#ffffff;border-color:#333333;\"><i class=\"fas fa-arrow-right\" ><\/i><\/div><div class=\"icon_description\" id=\"Info-list-wrap-3002\" style=\"font-size:20px;\"><h3 class=\"ult-responsive info-list-heading\"  data-ultimate-target='#Info-list-wrap-3002 h3'  data-responsive-json-new='{\"font-size\":\"desktop:20px;\",\"line-height\":\"desktop:30px;\"}'  style=\"font-family:&#039;Poppins&#039;;font-weight:bold;color:#18baa8;\">Centre de Ci\u00e8ncia i Tecnologia Forestal de Catalunya (CTFC) (coordinador del proyecto) - Catalunya<\/h3><div class=\"icon_description_text ult-responsive\"  data-ultimate-target='#Info-list-wrap-3002 .icon_description_text'  data-responsive-json-new='{\"font-size\":\"desktop:16px;\",\"line-height\":\"desktop:24px;\"}'  style=\"color:#666666;\"><p><a href=\"https:\/\/www.ctfc.cat\/\" target=\"_blank\" rel=\"noopener\">https:\/\/www.ctfc.cat\/<\/a><\/p>\n<\/div><\/div><div class=\"icon_list_connector\"  style=\"border-right-width: 2px;border-right-style: dashed;border-color: #18baa8;left: 30px;\"><\/div><\/li><\/ul><\/div>[\/vc_column][\/vc_row][vc_row css=&#8221;.vc_custom_1730656141515{padding-bottom: 70px !important;}&#8221;][vc_column][vc_separator color=&#8221;custom&#8221; border_width=&#8221;3&#8243; css=&#8221;&#8221; accent_color=&#8221;#9aca3c&#8221;][vc_empty_space height=&#8221;50px&#8221;][vc_custom_heading text=&#8221;Centres associats&#8221; font_container=&#8221;tag:h3|text_align:center&#8221; use_theme_fonts=&#8221;yes&#8221; css=&#8221;.vc_custom_1730656498230{padding-bottom: 35px !important;}&#8221;]<section class=\"logos-grid wf-container\" data-width=\"200px\" data-columns=\"3\"><div class=\"wf-cell\"><div><a class=\"layzr-bg\" href=\"http:\/\/apfpenedes.cat\/\" target=\"_blank\" title=\"\" ><img loading=\"lazy\" decoding=\"async\" class=\"lazy-load\" src=\"data:image\/svg+xml;charset=utf-8,%3Csvg xmlns%3D&#039;http%3A%2F%2Fwww.w3.org%2F2000%2Fsvg&#039; viewBox%3D&#039;0 0 810 168&#039;%2F%3E\" width=\"810\" height=\"168\" alt=\"Associaci\u00f3 de Propietaris Forestals Serralada Prelitoral del Pened\u00e8s\" data-srcset=\"https:\/\/gestespoctefa.eu\/wp-content\/uploads\/2024\/11\/apfpenedes.jpg 810w, https:\/\/gestespoctefa.eu\/wp-content\/uploads\/2024\/11\/apfpenedes.jpg 810w\" data-src=\"https:\/\/gestespoctefa.eu\/wp-content\/uploads\/2024\/11\/apfpenedes.jpg\" \/><\/a><\/div><\/div><div class=\"wf-cell\"><div><a class=\"layzr-bg\" href=\"https:\/\/floracatalana.cat\/\" target=\"_blank\" title=\"\" ><img loading=\"lazy\" decoding=\"async\" class=\"lazy-load\" src=\"data:image\/svg+xml;charset=utf-8,%3Csvg xmlns%3D&#039;http%3A%2F%2Fwww.w3.org%2F2000%2Fsvg&#039; viewBox%3D&#039;0 0 1919 640&#039;%2F%3E\" width=\"1919\" height=\"640\" alt=\"Associaci\u00f3 Flora Catalana\" data-srcset=\"https:\/\/gestespoctefa.eu\/wp-content\/uploads\/2024\/11\/flora-cat_color.jpg 1919w, https:\/\/gestespoctefa.eu\/wp-content\/uploads\/2024\/11\/flora-cat_color.jpg 1919w\" data-src=\"https:\/\/gestespoctefa.eu\/wp-content\/uploads\/2024\/11\/flora-cat_color.jpg\" \/><\/a><\/div><\/div><div class=\"wf-cell\"><div><a class=\"layzr-bg\" href=\"https:\/\/parcs.diba.cat\/\" target=\"_blank\" title=\"\" ><img loading=\"lazy\" decoding=\"async\" class=\"lazy-load\" src=\"data:image\/svg+xml;charset=utf-8,%3Csvg xmlns%3D&#039;http%3A%2F%2Fwww.w3.org%2F2000%2Fsvg&#039; viewBox%3D&#039;0 0 1700 239&#039;%2F%3E\" width=\"1700\" height=\"239\" alt=\"Diputaci\u00f3 de Barcelona \u2013 Servei de Gesti\u00f3 de Parcs Naturals\" data-srcset=\"https:\/\/gestespoctefa.eu\/wp-content\/uploads\/2024\/11\/Xarxa-de-Parcs-positiu-allargat.jpg 1700w, https:\/\/gestespoctefa.eu\/wp-content\/uploads\/2024\/11\/Xarxa-de-Parcs-positiu-allargat.jpg 1700w\" data-src=\"https:\/\/gestespoctefa.eu\/wp-content\/uploads\/2024\/11\/Xarxa-de-Parcs-positiu-allargat.jpg\" \/><\/a><\/div><\/div><div class=\"wf-cell\"><div><a class=\"layzr-bg\" href=\"https:\/\/agricultura.gencat.cat\/ca\/ambits\/medi-natural\/\" target=\"_blank\" title=\"\" ><img loading=\"lazy\" decoding=\"async\" class=\"lazy-load\" src=\"data:image\/svg+xml;charset=utf-8,%3Csvg xmlns%3D&#039;http%3A%2F%2Fwww.w3.org%2F2000%2Fsvg&#039; viewBox%3D&#039;0 0 751 270&#039;%2F%3E\" width=\"751\" height=\"270\" alt=\"Generalitat de Catalunya &#8211; Departament d\u2019Agricultura, Ramaderia, Pesca i Alimentaci\u00f3 &#8211; Direcci\u00f3 General de Boscos i Gesti\u00f3 del Medi\" data-srcset=\"https:\/\/gestespoctefa.eu\/wp-content\/uploads\/2024\/11\/agricultura_c2.jpg 751w, https:\/\/gestespoctefa.eu\/wp-content\/uploads\/2024\/11\/agricultura_c2.jpg 751w\" data-src=\"https:\/\/gestespoctefa.eu\/wp-content\/uploads\/2024\/11\/agricultura_c2.jpg\" \/><\/a><\/div><\/div><div class=\"wf-cell\"><div><a class=\"layzr-bg\" href=\"https:\/\/www.ipe.csic.es\/\" target=\"_blank\" title=\"\" ><img loading=\"lazy\" decoding=\"async\" class=\"lazy-load\" src=\"data:image\/svg+xml;charset=utf-8,%3Csvg xmlns%3D&#039;http%3A%2F%2Fwww.w3.org%2F2000%2Fsvg&#039; viewBox%3D&#039;0 0 1366 612&#039;%2F%3E\" width=\"1366\" height=\"612\" alt=\"Instituto Pirenaico de Ecolog\u00eda\" data-srcset=\"https:\/\/gestespoctefa.eu\/wp-content\/uploads\/2024\/11\/IPE-version-completa-cisc.jpg 1366w, https:\/\/gestespoctefa.eu\/wp-content\/uploads\/2024\/11\/IPE-version-completa-cisc.jpg 1366w\" data-src=\"https:\/\/gestespoctefa.eu\/wp-content\/uploads\/2024\/11\/IPE-version-completa-cisc.jpg\" \/><\/a><\/div><\/div><div class=\"wf-cell\"><div><a class=\"layzr-bg\" href=\"https:\/\/www.lio-occitanie.fr\/\" target=\"_blank\" title=\"\" ><img loading=\"lazy\" decoding=\"async\" class=\"lazy-load\" src=\"data:image\/svg+xml;charset=utf-8,%3Csvg xmlns%3D&#039;http%3A%2F%2Fwww.w3.org%2F2000%2Fsvg&#039; viewBox%3D&#039;0 0 2560 1025&#039;%2F%3E\" width=\"2560\" height=\"1025\" alt=\"liO &#8211; Les transports de Ma R\u00e9gion\" data-srcset=\"https:\/\/gestespoctefa.eu\/wp-content\/uploads\/2024\/11\/liO_blocmarque_REGION_couleur-scaled.jpg 2560w, https:\/\/gestespoctefa.eu\/wp-content\/uploads\/2024\/11\/liO_blocmarque_REGION_couleur-scaled.jpg 2560w\" data-src=\"https:\/\/gestespoctefa.eu\/wp-content\/uploads\/2024\/11\/liO_blocmarque_REGION_couleur-scaled.jpg\" \/><\/a><\/div><\/div><\/section>[\/vc_column][\/vc_row]<\/p>\n<\/div>","protected":false},"excerpt":{"rendered":"<p>[vc_row equal_height=&#8221;yes&#8221; css=&#8221;.vc_custom_1725288242664{padding-top: 50px !important;padding-bottom: 70px !important;}&#8221;][vc_column][\/vc_column][\/vc_row][vc_row css=&#8221;.vc_custom_1730656141515{padding-bottom: 70px !important;}&#8221;][vc_column][vc_separator color=&#8221;custom&#8221; border_width=&#8221;3&#8243; css=&#8221;&#8221; accent_color=&#8221;#9aca3c&#8221;][vc_empty_space height=&#8221;50px&#8221;][vc_custom_heading text=&#8221;Centres associats&#8221; font_container=&#8221;tag:h3|text_align:center&#8221; use_theme_fonts=&#8221;yes&#8221; css=&#8221;.vc_custom_1730656498230{padding-bottom: 35px !important;}&#8221;][\/vc_column][\/vc_row]<\/p>\n","protected":false},"author":1,"featured_media":0,"parent":0,"menu_order":15,"comment_status":"closed","ping_status":"closed","template":"","meta":{"footnotes":""},"class_list":["post-4653","page","type-page","status-publish","hentry","description-off"],"_links":{"self":[{"href":"https:\/\/gestespoctefa.eu\/ca\/wp-json\/wp\/v2\/pages\/4653","targetHints":{"allow":["GET"]}}],"collection":[{"href":"https:\/\/gestespoctefa.eu\/ca\/wp-json\/wp\/v2\/pages"}],"about":[{"href":"https:\/\/gestespoctefa.eu\/ca\/wp-json\/wp\/v2\/types\/page"}],"author":[{"embeddable":true,"href":"https:\/\/gestespoctefa.eu\/ca\/wp-json\/wp\/v2\/users\/1"}],"replies":[{"embeddable":true,"href":"https:\/\/gestespoctefa.eu\/ca\/wp-json\/wp\/v2\/comments?post=4653"}],"version-history":[{"count":4,"href":"https:\/\/gestespoctefa.eu\/ca\/wp-json\/wp\/v2\/pages\/4653\/revisions"}],"predecessor-version":[{"id":5685,"href":"https:\/\/gestespoctefa.eu\/ca\/wp-json\/wp\/v2\/pages\/4653\/revisions\/5685"}],"wp:attachment":[{"href":"https:\/\/gestespoctefa.eu\/ca\/wp-json\/wp\/v2\/media?parent=4653"}],"curies":[{"name":"wp","href":"https:\/\/api.w.org\/{rel}","templated":true}]}}